{"id":26,"date":"2025-11-11T16:52:27","date_gmt":"2025-11-11T16:52:27","guid":{"rendered":"https:\/\/amilux.hosting24.pl\/wordpress\/?page_id=26"},"modified":"2025-11-11T16:52:27","modified_gmt":"2025-11-11T16:52:27","slug":"dlaczego-my","status":"publish","type":"page","link":"https:\/\/amilux-wp-staging.amilux.hosting24.pl\/index.php\/dlaczego-my\/","title":{"rendered":"Dlaczego MY"},"content":{"rendered":"\n<p>Bo w Amilux wiemy, \u017ce transport to nie tylko przew\u00f3z towaru, ale te\u017c odpowiedzialno\u015b\u0107 za termin, kontakt i spok\u00f3j klienta.<br>Pracujemy z w\u0142asn\u0105 flot\u0105 bus\u00f3w do 3,5 tony oraz ze sprawdzonymi przewo\u017anikami posiadaj\u0105cymi ci\u0105gniki siod\u0142owe z naczepami. Dzi\u0119ki temu realizujemy zlecenia w ca\u0142ej Europie \u2014 szybko, elastycznie i z pe\u0142nym zaanga\u017cowaniem.<\/p>\n\n\n\n<p>Dbamy o ka\u017cdy szczeg\u00f3\u0142 i utrzymujemy sta\u0142y kontakt \u2014 zar\u00f3wno z klientem, jak i z kierowc\u0105 w trasie.<br>Nie jeste\u015bmy korporacj\u0105, w kt\u00f3rej zlecenie ginie w systemie. U nas zawsze rozmawiasz z osob\u0105 decyzyjn\u0105, a Twoje zlecenie jest prowadzone od pocz\u0105tku do ko\u0144ca przez tych samych ludzi.<\/p>\n\n\n\n<p><strong>Amilux \u2014 transport z do\u015bwiadczeniem, zaanga\u017cowaniem i ludzkim podej\u015bciem.<\/strong><\/p>\n","protected":false},"excerpt":{"rendered":"<p>Bo w Amilux wiemy, \u017ce transport to nie tylko przew\u00f3z towaru, ale te\u017c odpowiedzialno\u015b\u0107 za termin, kontakt i spok\u00f3j klienta.Pracujemy z w\u0142asn\u0105 flot\u0105 bus\u00f3w do 3,5 tony oraz ze sprawdzonymi przewo\u017anikami posiadaj\u0105cymi ci\u0105gniki siod\u0142owe z naczepami. Dzi\u0119ki temu realizujemy zlecenia w ca\u0142ej Europie \u2014 szybko, elastycznie i z pe\u0142nym zaanga\u017cowaniem. Dbamy o ka\u017cdy szczeg\u00f3\u0142 i [&hellip;]<\/p>\n","protected":false},"author":1,"featured_media":65,"parent":0,"menu_order":0,"comment_status":"closed","ping_status":"closed","template":"","meta":{"footnotes":""},"class_list":["post-26","page","type-page","status-publish","has-post-thumbnail","hentry"],"yoast_head":"<!-- This site is optimized with the Yoast SEO plugin v26.3 - https:\/\/yoast.com\/wordpress\/plugins\/seo\/ -->\n<title>Dlaczego MY - AMILUX SP. Z O.O.<\/title>\n<meta name=\"robots\" content=\"noindex, follow, max-snippet:-1, max-image-preview:large, max-video-preview:-1\" \/>\n<meta property=\"og:locale\" content=\"pl_PL\" \/>\n<meta property=\"og:type\" content=\"article\" \/>\n<meta property=\"og:title\" content=\"Dlaczego MY - AMILUX SP. Z O.O.\" \/>\n<meta property=\"og:description\" content=\"Bo w Amilux wiemy, \u017ce transport to nie tylko przew\u00f3z towaru, ale te\u017c odpowiedzialno\u015b\u0107 za termin, kontakt i spok\u00f3j klienta.Pracujemy z w\u0142asn\u0105 flot\u0105 bus\u00f3w do 3,5 tony oraz ze sprawdzonymi przewo\u017anikami posiadaj\u0105cymi ci\u0105gniki siod\u0142owe z naczepami. Dzi\u0119ki temu realizujemy zlecenia w ca\u0142ej Europie \u2014 szybko, elastycznie i z pe\u0142nym zaanga\u017cowaniem. Dbamy o ka\u017cdy szczeg\u00f3\u0142 i [&hellip;]\" \/>\n<meta property=\"og:url\" content=\"https:\/\/amilux-wp-staging.amilux.hosting24.pl\/index.php\/dlaczego-my\/\" \/>\n<meta property=\"og:site_name\" content=\"AMILUX SP. Z O.O.\" \/>\n<meta property=\"og:image\" content=\"https:\/\/amilux-wp-staging.amilux.hosting24.pl\/wp-content\/uploads\/2025\/11\/widok-za-kierownicy-500x900-1.png\" \/>\n\t<meta property=\"og:image:width\" content=\"1050\" \/>\n\t<meta property=\"og:image:height\" content=\"450\" \/>\n\t<meta property=\"og:image:type\" content=\"image\/png\" \/>\n<meta name=\"twitter:card\" content=\"summary_large_image\" \/>\n<meta name=\"twitter:label1\" content=\"Szacowany czas czytania\" \/>\n\t<meta name=\"twitter:data1\" content=\"1 minuta\" \/>\n<script type=\"application\/ld+json\" class=\"yoast-schema-graph\">{\"@context\":\"https:\/\/schema.org\",\"@graph\":[{\"@type\":\"WebPage\",\"@id\":\"https:\/\/amilux-wp-staging.amilux.hosting24.pl\/index.php\/dlaczego-my\/\",\"url\":\"https:\/\/amilux-wp-staging.amilux.hosting24.pl\/index.php\/dlaczego-my\/\",\"name\":\"Dlaczego MY - AMILUX SP. Z O.O.\",\"isPartOf\":{\"@id\":\"https:\/\/amilux-wp-staging.amilux.hosting24.pl\/#website\"},\"primaryImageOfPage\":{\"@id\":\"https:\/\/amilux-wp-staging.amilux.hosting24.pl\/index.php\/dlaczego-my\/#primaryimage\"},\"image\":{\"@id\":\"https:\/\/amilux-wp-staging.amilux.hosting24.pl\/index.php\/dlaczego-my\/#primaryimage\"},\"thumbnailUrl\":\"https:\/\/amilux-wp-staging.amilux.hosting24.pl\/wp-content\/uploads\/2025\/11\/widok-za-kierownicy-500x900-1.png\",\"datePublished\":\"2025-11-11T16:52:27+00:00\",\"breadcrumb\":{\"@id\":\"https:\/\/amilux-wp-staging.amilux.hosting24.pl\/index.php\/dlaczego-my\/#breadcrumb\"},\"inLanguage\":\"pl-PL\",\"potentialAction\":[{\"@type\":\"ReadAction\",\"target\":[\"https:\/\/amilux-wp-staging.amilux.hosting24.pl\/index.php\/dlaczego-my\/\"]}]},{\"@type\":\"ImageObject\",\"inLanguage\":\"pl-PL\",\"@id\":\"https:\/\/amilux-wp-staging.amilux.hosting24.pl\/index.php\/dlaczego-my\/#primaryimage\",\"url\":\"https:\/\/amilux-wp-staging.amilux.hosting24.pl\/wp-content\/uploads\/2025\/11\/widok-za-kierownicy-500x900-1.png\",\"contentUrl\":\"https:\/\/amilux-wp-staging.amilux.hosting24.pl\/wp-content\/uploads\/2025\/11\/widok-za-kierownicy-500x900-1.png\",\"width\":1050,\"height\":450},{\"@type\":\"BreadcrumbList\",\"@id\":\"https:\/\/amilux-wp-staging.amilux.hosting24.pl\/index.php\/dlaczego-my\/#breadcrumb\",\"itemListElement\":[{\"@type\":\"ListItem\",\"position\":1,\"name\":\"Strona g\u0142\u00f3wna\",\"item\":\"https:\/\/amilux-wp-staging.amilux.hosting24.pl\/\"},{\"@type\":\"ListItem\",\"position\":2,\"name\":\"Dlaczego MY\"}]},{\"@type\":\"WebSite\",\"@id\":\"https:\/\/amilux-wp-staging.amilux.hosting24.pl\/#website\",\"url\":\"https:\/\/amilux-wp-staging.amilux.hosting24.pl\/\",\"name\":\"AMILUX SP. Z O.O.\",\"description\":\"\",\"publisher\":{\"@id\":\"https:\/\/amilux-wp-staging.amilux.hosting24.pl\/#organization\"},\"potentialAction\":[{\"@type\":\"SearchAction\",\"target\":{\"@type\":\"EntryPoint\",\"urlTemplate\":\"https:\/\/amilux-wp-staging.amilux.hosting24.pl\/?s={search_term_string}\"},\"query-input\":{\"@type\":\"PropertyValueSpecification\",\"valueRequired\":true,\"valueName\":\"search_term_string\"}}],\"inLanguage\":\"pl-PL\"},{\"@type\":\"Organization\",\"@id\":\"https:\/\/amilux-wp-staging.amilux.hosting24.pl\/#organization\",\"name\":\"AMILUX SP. Z O.O.\",\"url\":\"https:\/\/amilux-wp-staging.amilux.hosting24.pl\/\",\"logo\":{\"@type\":\"ImageObject\",\"inLanguage\":\"pl-PL\",\"@id\":\"https:\/\/amilux-wp-staging.amilux.hosting24.pl\/#\/schema\/logo\/image\/\",\"url\":\"https:\/\/amilux-wp-staging.amilux.hosting24.pl\/wp-content\/uploads\/2025\/09\/amilux_logo_color_transparent.png\",\"contentUrl\":\"https:\/\/amilux-wp-staging.amilux.hosting24.pl\/wp-content\/uploads\/2025\/09\/amilux_logo_color_transparent.png\",\"width\":362,\"height\":333,\"caption\":\"AMILUX SP. Z O.O.\"},\"image\":{\"@id\":\"https:\/\/amilux-wp-staging.amilux.hosting24.pl\/#\/schema\/logo\/image\/\"}}]}<\/script>\n<!-- \/ Yoast SEO plugin. -->","yoast_head_json":{"title":"Dlaczego MY - AMILUX SP. Z O.O.","robots":{"index":"noindex","follow":"follow","max-snippet":"max-snippet:-1","max-image-preview":"max-image-preview:large","max-video-preview":"max-video-preview:-1"},"og_locale":"pl_PL","og_type":"article","og_title":"Dlaczego MY - AMILUX SP. Z O.O.","og_description":"Bo w Amilux wiemy, \u017ce transport to nie tylko przew\u00f3z towaru, ale te\u017c odpowiedzialno\u015b\u0107 za termin, kontakt i spok\u00f3j klienta.Pracujemy z w\u0142asn\u0105 flot\u0105 bus\u00f3w do 3,5 tony oraz ze sprawdzonymi przewo\u017anikami posiadaj\u0105cymi ci\u0105gniki siod\u0142owe z naczepami. Dzi\u0119ki temu realizujemy zlecenia w ca\u0142ej Europie \u2014 szybko, elastycznie i z pe\u0142nym zaanga\u017cowaniem. Dbamy o ka\u017cdy szczeg\u00f3\u0142 i [&hellip;]","og_url":"https:\/\/amilux-wp-staging.amilux.hosting24.pl\/index.php\/dlaczego-my\/","og_site_name":"AMILUX SP. Z O.O.","og_image":[{"width":1050,"height":450,"url":"https:\/\/amilux-wp-staging.amilux.hosting24.pl\/wp-content\/uploads\/2025\/11\/widok-za-kierownicy-500x900-1.png","type":"image\/png"}],"twitter_card":"summary_large_image","twitter_misc":{"Szacowany czas czytania":"1 minuta"},"schema":{"@context":"https:\/\/schema.org","@graph":[{"@type":"WebPage","@id":"https:\/\/amilux-wp-staging.amilux.hosting24.pl\/index.php\/dlaczego-my\/","url":"https:\/\/amilux-wp-staging.amilux.hosting24.pl\/index.php\/dlaczego-my\/","name":"Dlaczego MY - AMILUX SP. Z O.O.","isPartOf":{"@id":"https:\/\/amilux-wp-staging.amilux.hosting24.pl\/#website"},"primaryImageOfPage":{"@id":"https:\/\/amilux-wp-staging.amilux.hosting24.pl\/index.php\/dlaczego-my\/#primaryimage"},"image":{"@id":"https:\/\/amilux-wp-staging.amilux.hosting24.pl\/index.php\/dlaczego-my\/#primaryimage"},"thumbnailUrl":"https:\/\/amilux-wp-staging.amilux.hosting24.pl\/wp-content\/uploads\/2025\/11\/widok-za-kierownicy-500x900-1.png","datePublished":"2025-11-11T16:52:27+00:00","breadcrumb":{"@id":"https:\/\/amilux-wp-staging.amilux.hosting24.pl\/index.php\/dlaczego-my\/#breadcrumb"},"inLanguage":"pl-PL","potentialAction":[{"@type":"ReadAction","target":["https:\/\/amilux-wp-staging.amilux.hosting24.pl\/index.php\/dlaczego-my\/"]}]},{"@type":"ImageObject","inLanguage":"pl-PL","@id":"https:\/\/amilux-wp-staging.amilux.hosting24.pl\/index.php\/dlaczego-my\/#primaryimage","url":"https:\/\/amilux-wp-staging.amilux.hosting24.pl\/wp-content\/uploads\/2025\/11\/widok-za-kierownicy-500x900-1.png","contentUrl":"https:\/\/amilux-wp-staging.amilux.hosting24.pl\/wp-content\/uploads\/2025\/11\/widok-za-kierownicy-500x900-1.png","width":1050,"height":450},{"@type":"BreadcrumbList","@id":"https:\/\/amilux-wp-staging.amilux.hosting24.pl\/index.php\/dlaczego-my\/#breadcrumb","itemListElement":[{"@type":"ListItem","position":1,"name":"Strona g\u0142\u00f3wna","item":"https:\/\/amilux-wp-staging.amilux.hosting24.pl\/"},{"@type":"ListItem","position":2,"name":"Dlaczego MY"}]},{"@type":"WebSite","@id":"https:\/\/amilux-wp-staging.amilux.hosting24.pl\/#website","url":"https:\/\/amilux-wp-staging.amilux.hosting24.pl\/","name":"AMILUX SP. Z O.O.","description":"","publisher":{"@id":"https:\/\/amilux-wp-staging.amilux.hosting24.pl\/#organization"},"potentialAction":[{"@type":"SearchAction","target":{"@type":"EntryPoint","urlTemplate":"https:\/\/amilux-wp-staging.amilux.hosting24.pl\/?s={search_term_string}"},"query-input":{"@type":"PropertyValueSpecification","valueRequired":true,"valueName":"search_term_string"}}],"inLanguage":"pl-PL"},{"@type":"Organization","@id":"https:\/\/amilux-wp-staging.amilux.hosting24.pl\/#organization","name":"AMILUX SP. Z O.O.","url":"https:\/\/amilux-wp-staging.amilux.hosting24.pl\/","logo":{"@type":"ImageObject","inLanguage":"pl-PL","@id":"https:\/\/amilux-wp-staging.amilux.hosting24.pl\/#\/schema\/logo\/image\/","url":"https:\/\/amilux-wp-staging.amilux.hosting24.pl\/wp-content\/uploads\/2025\/09\/amilux_logo_color_transparent.png","contentUrl":"https:\/\/amilux-wp-staging.amilux.hosting24.pl\/wp-content\/uploads\/2025\/09\/amilux_logo_color_transparent.png","width":362,"height":333,"caption":"AMILUX SP. Z O.O."},"image":{"@id":"https:\/\/amilux-wp-staging.amilux.hosting24.pl\/#\/schema\/logo\/image\/"}}]}},"_links":{"self":[{"href":"https:\/\/amilux-wp-staging.amilux.hosting24.pl\/index.php\/wp-json\/wp\/v2\/pages\/26","targetHints":{"allow":["GET"]}}],"collection":[{"href":"https:\/\/amilux-wp-staging.amilux.hosting24.pl\/index.php\/wp-json\/wp\/v2\/pages"}],"about":[{"href":"https:\/\/amilux-wp-staging.amilux.hosting24.pl\/index.php\/wp-json\/wp\/v2\/types\/page"}],"author":[{"embeddable":true,"href":"https:\/\/amilux-wp-staging.amilux.hosting24.pl\/index.php\/wp-json\/wp\/v2\/users\/1"}],"replies":[{"embeddable":true,"href":"https:\/\/amilux-wp-staging.amilux.hosting24.pl\/index.php\/wp-json\/wp\/v2\/comments?post=26"}],"version-history":[{"count":1,"href":"https:\/\/amilux-wp-staging.amilux.hosting24.pl\/index.php\/wp-json\/wp\/v2\/pages\/26\/revisions"}],"predecessor-version":[{"id":64,"href":"https:\/\/amilux-wp-staging.amilux.hosting24.pl\/index.php\/wp-json\/wp\/v2\/pages\/26\/revisions\/64"}],"wp:featuredmedia":[{"embeddable":true,"href":"https:\/\/amilux-wp-staging.amilux.hosting24.pl\/index.php\/wp-json\/wp\/v2\/media\/65"}],"wp:attachment":[{"href":"https:\/\/amilux-wp-staging.amilux.hosting24.pl\/index.php\/wp-json\/wp\/v2\/media?parent=26"}],"curies":[{"name":"wp","href":"https:\/\/api.w.org\/{rel}","templated":true}]}}